{"id":2025,"date":"2022-01-29T12:28:58","date_gmt":"2022-01-29T12:28:58","guid":{"rendered":"https:\/\/ambulanceamir.com\/%d8%a7%d8%aa%d8%b5%d8%a7%d9%84\/"},"modified":"2025-06-02T09:42:00","modified_gmt":"2025-06-02T09:42:00","slug":"%d8%a7%d8%aa%d8%b5%d8%a7%d9%84","status":"publish","type":"page","link":"https:\/\/ambulanceamir.com\/ar\/%d8%a7%d8%aa%d8%b5%d8%a7%d9%84\/","title":{"rendered":"\u0627\u062a\u0635\u0627\u0644"},"content":{"rendered":"\t\t<div data-elementor-type=\"wp-page\" data-elementor-id=\"2025\" class=\"elementor elementor-2025 elementor-81\" data-elementor-post-type=\"page\">\n\t\t\t\t\t\t<section class=\"elementor-section elementor-top-section elementor-element elementor-element-c6c10cf elementor-section-full_width elementor-section-height-default elementor-section-height-default\" data-id=\"c6c10cf\" data-element_type=\"section\">\n\t\t\t\t\t\t<div class=\"elementor-container elementor-column-gap-default\">\n\t\t\t\t\t<div class=\"elementor-column elementor-col-100 elementor-top-column elementor-element elementor-element-8a0d3ac\" data-id=\"8a0d3ac\" data-element_type=\"column\">\n\t\t\t<div class=\"elementor-widget-wrap elementor-element-populated\">\n\t\t\t\t\t\t<div class=\"elementor-element elementor-element-724b667 elementor-widget elementor-widget-ambons_get_in_touch\" data-id=\"724b667\" data-element_type=\"widget\" data-widget_type=\"ambons_get_in_touch.default\">\n\t\t\t\t<div class=\"elementor-widget-container\">\n\t\t\t\t\t   \n\t<!--Start Contact Info Style2 Area-->\n\t<section class=\"contact-info-style2-area\">\n\t\t<div class=\"container\">\n\t\t\t<div class=\"row text-right-rtl\">\n\t\t\t\t                <div class=\"col-xl-6\">\n\t\t\t\t\t<div class=\"contact-info-style2__image\">\t\t\t\t\t\n\t\t\t\t\t\t<div class=\"inner\">\t\t\t\t\t\t\n\t\t\t\t\t\t\t<img decoding=\"async\" src=\"https:\/\/ambulanceamir.com\/wp-content\/uploads\/2025\/06\/ambulance.jpg\" alt=\"Awesome Image\">\t\t\t\t\t\t\t\n\t\t\t\t\t\t<\/div>\n\t\t\t\t\t<\/div>\n\t\t\t\t<\/div>\n                \t\t\t\t<div class=\"col-xl-6\">\n\t\t\t\t\t<div class=\"contact-info-style1__content\">\n\t\t\t\t\t\t                        <div class=\"sec-title\">\n\t\t\t\t\t\t\t\t\t\t\t\t\t\t<div class=\"icon\">\n\t\t\t\t\t\t\t\t<span class=\"flaticon-mail\"><\/span>\n\t\t\t\t\t\t\t<\/div>\n\t\t\t\t\t\t\t                            \t\t\t\t\t\t\t<div class=\"sub-title\">\n\t\t\t\t\t\t\t\t<h3>\u0627\u062a\u0635\u0644\u0648\u0627 \u0628\u0646\u0627<\/h3>\n\t\t\t\t\t\t\t<\/div>\n\t\t\t\t\t\t\t\t\t\t\t\t\t\t<h2>\u0644\u0627 \u062a\u062a\u0631\u062f\u062f\u0648\u0627 \u0641\u064a<br> \u0627\u0644\u0627\u062a\u0635\u0627\u0644 \u0628\u0646\u0627\n\n\n\n\n\n\n\n<\/h2>\t\t\t\t\t\t<\/div>\n                        \t\t\t\t\t\t<div class=\"inner-content\">\n\t\t\t\t\t\t\t\t\t\t\t\t\t\t<div class=\"text\">\n\t\t\t\t\t\t\t\t<p>\u0641\u0631\u064a\u0642\u0646\u0627 \u0645\u062a\u0648\u0641\u0631 \u0639\u0644\u0649 \u0645\u062f\u0627\u0631 \u0627\u0644\u0633\u0627\u0639\u0629 \u0648\u0637\u0648\u0627\u0644 \u0623\u064a\u0627\u0645 \u0627\u0644\u0623\u0633\u0628\u0648\u0639 \u0644\u0644\u0627\u0633\u062a\u062c\u0627\u0628\u0629 \u0644\u062d\u0627\u0644\u0627\u062a \u0627\u0644\u0637\u0648\u0627\u0631\u0626 \u0627\u0644\u0637\u0628\u064a\u0629 \u0648\u0627\u062d\u062a\u064a\u0627\u062c\u0627\u062a \u0627\u0644\u0646\u0642\u0644 \u0627\u0644\u062c\u0646\u0627\u0626\u0632\u064a \u0628\u0643\u0644 \u062c\u062f\u064a\u0629\u060c \u0633\u0631\u064a\u0629\u060c \u0648\u062a\u0639\u0627\u0637\u0641. \u0644\u0627 \u062a\u062a\u0631\u062f\u062f\u0648\u0627 \u0641\u064a \u0627\u0644\u0627\u062a\u0635\u0627\u0644 \u0628\u0646\u0627.<\/p>\n\t\t\t\t\t\t\t<\/div>\n                            \t\t\t\t\t\t\t\n\t\t\t\t\t\t\t<h3>\u062a\u0641\u0627\u0635\u064a\u0644 \u0627\u0644\u0627\u062a\u0635\u0627\u0644<\/h3>\t\t\t\t\t\t\t\t\t\t\t\t\t\t<h2><a href=\"tel:0550-83-83-80\">0550-83-83-80<\/a><\/h2>\t\t\t\t\t\t\t<h4><a href=\"mailto:contact@ambulanceamir.com\">contact@ambulanceamir.com<\/a><\/h4>\t\t\t\t\t\t\t\n\t\t\t\t\t\t<\/div>\n\t\t\t\t\t<\/div>\n\t\t\t\t<\/div>\n\t\t\t<\/div>\n\t\t<\/div>\n\t<\/section>\n\t<!--End Contact Info Style2 Area-->\n\t\t\t\t\t<\/div>\n\t\t\t\t<\/div>\n\t\t\t\t\t<\/div>\n\t\t<\/div>\n\t\t\t\t\t<\/div>\n\t\t<\/section>\n\t\t\t\t<section class=\"elementor-section elementor-top-section elementor-element elementor-element-d4cfe74 elementor-section-full_width elementor-section-height-default elementor-section-height-default\" data-id=\"d4cfe74\" data-element_type=\"section\">\n\t\t\t\t\t\t<div class=\"elementor-container elementor-column-gap-default\">\n\t\t\t\t\t<div class=\"elementor-column elementor-col-100 elementor-top-column elementor-element elementor-element-fac9fe9\" data-id=\"fac9fe9\" data-element_type=\"column\">\n\t\t\t<div class=\"elementor-widget-wrap elementor-element-populated\">\n\t\t\t\t\t\t<div class=\"elementor-element elementor-element-84199f5 elementor-widget elementor-widget-ambons_contact_us\" data-id=\"84199f5\" data-element_type=\"widget\" data-widget_type=\"ambons_contact_us.default\">\n\t\t\t\t<div class=\"elementor-widget-container\">\n\t\t\t\t\t\t\n    <!--Start Main Contact Form Area-->\n\t<section class=\"main-contact-form-area \" id=\"contact\">\n\t\t<div class=\"container\">\n\t\t\t            <div class=\"sec-title text-center\">\n\t\t\t\t                <div class=\"icon\">\n\t\t\t\t\t<span class=\"flaticon-message\"><\/span>\n\t\t\t\t<\/div>\n\t\t\t\t                                <div class=\"sub-title\">\n\t\t\t\t\t<h3>\u0625\u0631\u0633\u0627\u0644 \u0631\u0633\u0627\u0644\u0629<\/h3>\n\t\t\t\t<\/div>\n\t\t\t\t                <h2>\u0627\u0643\u062a\u0628\u0648\u0627 \u0644\u0646\u0627 \u0641\u064a \u0623\u064a \u0648\u0642\u062a<\/h2>\t\t\t<\/div>\n\t\t\t            \n\t\t\t\t\t\t<div class=\"row\">\n\t\t\t\t<div class=\"col-xl-12\">\n\t\t\t\t\t<div class=\"contact-form\">\n\t\t\t\t\t\t<div class=\"default-form2\">\n\t\t\t\t\t\t\t\n<div class=\"wpcf7 no-js\" id=\"wpcf7-f452-o1\" lang=\"en-US\" dir=\"ltr\" data-wpcf7-id=\"452\">\n<div class=\"screen-reader-response\"><p role=\"status\" aria-live=\"polite\" aria-atomic=\"true\"><\/p> <ul><\/ul><\/div>\n<form action=\"\/ar\/wp-json\/wp\/v2\/pages\/2025#wpcf7-f452-o1\" method=\"post\" class=\"wpcf7-form init\" aria-label=\"Contact form\" novalidate=\"novalidate\" data-status=\"init\">\n<div style=\"display: none;\">\n<input type=\"hidden\" name=\"_wpcf7\" value=\"452\" \/>\n<input type=\"hidden\" name=\"_wpcf7_version\" value=\"6.0.6\" \/>\n<input type=\"hidden\" name=\"_wpcf7_locale\" value=\"en_US\" \/>\n<input type=\"hidden\" name=\"_wpcf7_unit_tag\" value=\"wpcf7-f452-o1\" \/>\n<input type=\"hidden\" name=\"_wpcf7_container_post\" value=\"0\" \/>\n<input type=\"hidden\" name=\"_wpcf7_posted_data_hash\" value=\"\" \/>\n<\/div>\n<div class=\"row\">\n\t<div class=\"col-xl-6\">\n\t\t<div class=\"form-group\">\n\t\t\t<div class=\"input-box\">\n\t\t\t\t<p><span class=\"wpcf7-form-control-wrap\" data-name=\"text-463\"><input size=\"40\" maxlength=\"400\" class=\"wpcf7-form-control wpcf7-text wpcf7-validates-as-required\" aria-required=\"true\" aria-invalid=\"false\" placeholder=\"Full Name\" value=\"\" type=\"text\" name=\"text-463\" \/><\/span>\n\t\t\t\t<\/p>\n\t\t\t<\/div>\n\t\t<\/div>\n\t<\/div>\n\t<div class=\"col-xl-6\">\n\t\t<div class=\"form-group\">\n\t\t\t<div class=\"input-box\">\n\t\t\t\t<p><span class=\"wpcf7-form-control-wrap\" data-name=\"email-762\"><input size=\"40\" maxlength=\"400\" class=\"wpcf7-form-control wpcf7-email wpcf7-validates-as-required wpcf7-text wpcf7-validates-as-email\" aria-required=\"true\" aria-invalid=\"false\" placeholder=\"Email Address\" value=\"\" type=\"email\" name=\"email-762\" \/><\/span>\n\t\t\t\t<\/p>\n\t\t\t<\/div>\n\t\t<\/div>\n\t<\/div>\n<\/div>\n<div class=\"row\">\n\t<div class=\"col-xl-6\">\n\t\t<div class=\"form-group\">\n\t\t\t<div class=\"input-box\">\n\t\t\t\t<p><span class=\"wpcf7-form-control-wrap\" data-name=\"text-464\"><input size=\"40\" maxlength=\"400\" class=\"wpcf7-form-control wpcf7-text\" aria-invalid=\"false\" placeholder=\"Phone\" value=\"\" type=\"text\" name=\"text-464\" \/><\/span>\n\t\t\t\t<\/p>\n\t\t\t<\/div>\n\t\t<\/div>\n\t<\/div>\n\t<div class=\"col-xl-6\">\n\t\t<div class=\"form-group\">\n\t\t\t<div class=\"input-box\">\n\t\t\t\t<p><span class=\"wpcf7-form-control-wrap\" data-name=\"text-465\"><input size=\"40\" maxlength=\"400\" class=\"wpcf7-form-control wpcf7-text\" aria-invalid=\"false\" placeholder=\"Subject\" value=\"\" type=\"text\" name=\"text-465\" \/><\/span>\n\t\t\t\t<\/p>\n\t\t\t<\/div>\n\t\t<\/div>\n\t<\/div>\n<\/div>\n<div class=\"row\">\n\t<div class=\"col-xl-12\">\n\t\t<div class=\"form-group\">\n\t\t\t<div class=\"input-box\">\n\t\t\t\t<p><span class=\"wpcf7-form-control-wrap\" data-name=\"textarea-290\"><textarea cols=\"40\" rows=\"10\" maxlength=\"2000\" class=\"wpcf7-form-control wpcf7-textarea\" aria-invalid=\"false\" placeholder=\"Write a Message\" name=\"textarea-290\"><\/textarea><\/span>\n\t\t\t\t<\/p>\n\t\t\t<\/div>\n\t\t<\/div>\n\t<\/div>\n<\/div>\n<div class=\"row\">\n\t<div class=\"col-xl-12 text-center\">\n\t\t<div class=\"button-box\">\n\t\t\t<p><button class=\"btn-one\" type=\"submit\" data-loading-text=\"Please wait...\"><span class=\"txt\">send a message<\/span><\/button>\n\t\t\t<\/p>\n\t\t<\/div>\n\t<\/div>\n<\/div><div class=\"wpcf7-response-output\" aria-hidden=\"true\"><\/div>\n<\/form>\n<\/div>\n\t\t\t\t\t\t<\/div>\n\t\t\t\t\t<\/div>\n\t\t\t\t<\/div>\n\t\t\t<\/div>\n                        \n\t\t<\/div>\n\t<\/section>\n\t<!--End Main Contact Form Area-->\n    \n\t\t\t\t\t<\/div>\n\t\t\t\t<\/div>\n\t\t\t\t\t<\/div>\n\t\t<\/div>\n\t\t\t\t\t<\/div>\n\t\t<\/section>\n\t\t\t\t<section class=\"elementor-section elementor-top-section elementor-element elementor-element-ccce3c7 elementor-section-full_width elementor-section-height-default elementor-section-height-default\" data-id=\"ccce3c7\" data-element_type=\"section\">\n\t\t\t\t\t\t<div class=\"elementor-container elementor-column-gap-default\">\n\t\t\t\t\t<div class=\"elementor-column elementor-col-100 elementor-top-column elementor-element elementor-element-800de17\" data-id=\"800de17\" data-element_type=\"column\">\n\t\t\t<div class=\"elementor-widget-wrap elementor-element-populated\">\n\t\t\t\t\t\t<div class=\"elementor-element elementor-element-32814d6 elementor-widget elementor-widget-google_maps\" data-id=\"32814d6\" data-element_type=\"widget\" data-widget_type=\"google_maps.default\">\n\t\t\t\t<div class=\"elementor-widget-container\">\n\t\t\t\t\t\t\t<div class=\"elementor-custom-embed\">\n\t\t\t<iframe loading=\"lazy\"\n\t\t\t\t\tsrc=\"https:\/\/maps.google.com\/maps?q=Alger&#038;t=m&#038;z=11&#038;output=embed&#038;iwloc=near\"\n\t\t\t\t\ttitle=\"Alger\"\n\t\t\t\t\taria-label=\"Alger\"\n\t\t\t><\/iframe>\n\t\t<\/div>\n\t\t\t\t\t\t<\/div>\n\t\t\t\t<\/div>\n\t\t\t\t\t<\/div>\n\t\t<\/div>\n\t\t\t\t\t<\/div>\n\t\t<\/section>\n\t\t\t\t<\/div>\n\t\t","protected":false},"excerpt":{"rendered":"<p>\u0627\u062a\u0635\u0644\u0648\u0627 \u0628\u0646\u0627 \u0644\u0627 \u062a\u062a\u0631\u062f\u062f\u0648\u0627 \u0641\u064a \u0627\u0644\u0627\u062a\u0635\u0627\u0644 \u0628\u0646\u0627 \u0641\u0631\u064a\u0642\u0646\u0627 \u0645\u062a\u0648\u0641\u0631 \u0639\u0644\u0649 \u0645\u062f\u0627\u0631 \u0627\u0644\u0633\u0627\u0639\u0629 \u0648\u0637\u0648\u0627\u0644 \u0623\u064a\u0627\u0645 \u0627\u0644\u0623\u0633\u0628\u0648\u0639 \u0644\u0644\u0627\u0633\u062a\u062c\u0627\u0628\u0629 \u0644\u062d\u0627\u0644\u0627\u062a \u0627\u0644\u0637\u0648\u0627\u0631\u0626 \u0627\u0644\u0637\u0628\u064a\u0629 \u0648\u0627\u062d\u062a\u064a\u0627\u062c\u0627\u062a \u0627\u0644\u0646\u0642\u0644 \u0627\u0644\u062c\u0646\u0627\u0626\u0632\u064a \u0628\u0643\u0644 \u062c\u062f\u064a\u0629\u060c \u0633\u0631\u064a\u0629\u060c \u0648\u062a\u0639\u0627\u0637\u0641. \u0644\u0627 \u062a\u062a\u0631\u062f\u062f\u0648\u0627 \u0641\u064a \u0627\u0644\u0627\u062a\u0635\u0627\u0644 \u0628\u0646\u0627. \u062a\u0641\u0627\u0635\u064a\u0644 \u0627\u0644\u0627\u062a\u0635\u0627\u0644 0550-83-83-80 contact@ambulanceamir.com \u0625\u0631\u0633\u0627\u0644 \u0631\u0633\u0627\u0644\u0629 \u0627\u0643\u062a\u0628\u0648\u0627 \u0644\u0646\u0627 \u0641\u064a \u0623\u064a \u0648\u0642\u062a send a message<\/p>\n","protected":false},"author":1,"featured_media":0,"parent":0,"menu_order":0,"comment_status":"closed","ping_status":"closed","template":"elementor_header_footer","meta":{"footnotes":""},"class_list":["post-2025","page","type-page","status-publish","hentry"],"yoast_head":"<!-- This site is optimized with the Yoast SEO Premium plugin v25.2 (Yoast SEO v25.2) - https:\/\/yoast.com\/wordpress\/plugins\/seo\/ -->\n<title>\u0627\u062a\u0635\u0627\u0644 - Ambulance priv\u00e9e et soins \u00e0 domicile \u00e0 Alger en Alg\u00e9rie 24h\/24<\/title>\n<meta name=\"robots\" content=\"index, follow, max-snippet:-1, max-image-preview:large, max-video-preview:-1\" \/>\n<link rel=\"canonical\" href=\"https:\/\/ambulanceamir.com\/ar\/\u0627\u062a\u0635\u0627\u0644\/\" \/>\n<meta property=\"og:locale\" content=\"ar_AR\" \/>\n<meta property=\"og:type\" content=\"article\" \/>\n<meta property=\"og:title\" content=\"\u0627\u062a\u0635\u0627\u0644\" \/>\n<meta property=\"og:description\" content=\"\u0627\u062a\u0635\u0644\u0648\u0627 \u0628\u0646\u0627 \u0644\u0627 \u062a\u062a\u0631\u062f\u062f\u0648\u0627 \u0641\u064a \u0627\u0644\u0627\u062a\u0635\u0627\u0644 \u0628\u0646\u0627 \u0641\u0631\u064a\u0642\u0646\u0627 \u0645\u062a\u0648\u0641\u0631 \u0639\u0644\u0649 \u0645\u062f\u0627\u0631 \u0627\u0644\u0633\u0627\u0639\u0629 \u0648\u0637\u0648\u0627\u0644 \u0623\u064a\u0627\u0645 \u0627\u0644\u0623\u0633\u0628\u0648\u0639 \u0644\u0644\u0627\u0633\u062a\u062c\u0627\u0628\u0629 \u0644\u062d\u0627\u0644\u0627\u062a \u0627\u0644\u0637\u0648\u0627\u0631\u0626 \u0627\u0644\u0637\u0628\u064a\u0629 \u0648\u0627\u062d\u062a\u064a\u0627\u062c\u0627\u062a \u0627\u0644\u0646\u0642\u0644 \u0627\u0644\u062c\u0646\u0627\u0626\u0632\u064a \u0628\u0643\u0644 \u062c\u062f\u064a\u0629\u060c \u0633\u0631\u064a\u0629\u060c \u0648\u062a\u0639\u0627\u0637\u0641. \u0644\u0627 \u062a\u062a\u0631\u062f\u062f\u0648\u0627 \u0641\u064a \u0627\u0644\u0627\u062a\u0635\u0627\u0644 \u0628\u0646\u0627. \u062a\u0641\u0627\u0635\u064a\u0644 \u0627\u0644\u0627\u062a\u0635\u0627\u0644 0550-83-83-80 contact@ambulanceamir.com \u0625\u0631\u0633\u0627\u0644 \u0631\u0633\u0627\u0644\u0629 \u0627\u0643\u062a\u0628\u0648\u0627 \u0644\u0646\u0627 \u0641\u064a \u0623\u064a \u0648\u0642\u062a send a message\" \/>\n<meta property=\"og:url\" content=\"https:\/\/ambulanceamir.com\/ar\/\u0627\u062a\u0635\u0627\u0644\/\" \/>\n<meta property=\"og:site_name\" content=\"Ambulance priv\u00e9e et soins \u00e0 domicile \u00e0 Alger en Alg\u00e9rie 24h\/24\" \/>\n<meta property=\"article:modified_time\" content=\"2025-06-02T09:42:00+00:00\" \/>\n<meta property=\"og:image\" content=\"https:\/\/ambulanceamir.com\/wp-content\/uploads\/2025\/06\/ambulance.jpg\" \/>\n<meta name=\"twitter:card\" content=\"summary_large_image\" \/>\n<meta name=\"twitter:label1\" content=\"\u0648\u0642\u062a \u0627\u0644\u0642\u0631\u0627\u0621\u0629 \u0627\u0644\u0645\u064f\u0642\u062f\u0651\u0631\" \/>\n\t<meta name=\"twitter:data1\" content=\"1 \u062f\u0642\u064a\u0642\u0629\" \/>\n<script type=\"application\/ld+json\" class=\"yoast-schema-graph\">{\"@context\":\"https:\/\/schema.org\",\"@graph\":[{\"@type\":\"WebPage\",\"@id\":\"https:\/\/ambulanceamir.com\/ar\/%d8%a7%d8%aa%d8%b5%d8%a7%d9%84\/\",\"url\":\"https:\/\/ambulanceamir.com\/ar\/%d8%a7%d8%aa%d8%b5%d8%a7%d9%84\/\",\"name\":\"\u0627\u062a\u0635\u0627\u0644 - Ambulance priv\u00e9e et soins \u00e0 domicile \u00e0 Alger en Alg\u00e9rie 24h\/24\",\"isPartOf\":{\"@id\":\"https:\/\/ambulanceamir.com\/#website\"},\"primaryImageOfPage\":{\"@id\":\"https:\/\/ambulanceamir.com\/ar\/%d8%a7%d8%aa%d8%b5%d8%a7%d9%84\/#primaryimage\"},\"image\":{\"@id\":\"https:\/\/ambulanceamir.com\/ar\/%d8%a7%d8%aa%d8%b5%d8%a7%d9%84\/#primaryimage\"},\"thumbnailUrl\":\"https:\/\/ambulanceamir.com\/wp-content\/uploads\/2025\/06\/ambulance.jpg\",\"datePublished\":\"2022-01-29T12:28:58+00:00\",\"dateModified\":\"2025-06-02T09:42:00+00:00\",\"breadcrumb\":{\"@id\":\"https:\/\/ambulanceamir.com\/ar\/%d8%a7%d8%aa%d8%b5%d8%a7%d9%84\/#breadcrumb\"},\"inLanguage\":\"ar\",\"potentialAction\":[{\"@type\":\"ReadAction\",\"target\":[\"https:\/\/ambulanceamir.com\/ar\/%d8%a7%d8%aa%d8%b5%d8%a7%d9%84\/\"]}]},{\"@type\":\"ImageObject\",\"inLanguage\":\"ar\",\"@id\":\"https:\/\/ambulanceamir.com\/ar\/%d8%a7%d8%aa%d8%b5%d8%a7%d9%84\/#primaryimage\",\"url\":\"https:\/\/ambulanceamir.com\/wp-content\/uploads\/2025\/06\/ambulance.jpg\",\"contentUrl\":\"https:\/\/ambulanceamir.com\/wp-content\/uploads\/2025\/06\/ambulance.jpg\"},{\"@type\":\"BreadcrumbList\",\"@id\":\"https:\/\/ambulanceamir.com\/ar\/%d8%a7%d8%aa%d8%b5%d8%a7%d9%84\/#breadcrumb\",\"itemListElement\":[{\"@type\":\"ListItem\",\"position\":1,\"name\":\"Accueil\",\"item\":\"https:\/\/ambulanceamir.com\/ar\/\"},{\"@type\":\"ListItem\",\"position\":2,\"name\":\"\u0627\u062a\u0635\u0627\u0644\"}]},{\"@type\":\"WebSite\",\"@id\":\"https:\/\/ambulanceamir.com\/#website\",\"url\":\"https:\/\/ambulanceamir.com\/\",\"name\":\"Ambulance priv\u00e9e et soins \u00e0 domicile \u00e0 Alger en Alg\u00e9rie 24h\/24\",\"description\":\"\",\"publisher\":{\"@id\":\"https:\/\/ambulanceamir.com\/#organization\"},\"potentialAction\":[{\"@type\":\"SearchAction\",\"target\":{\"@type\":\"EntryPoint\",\"urlTemplate\":\"https:\/\/ambulanceamir.com\/?s={search_term_string}\"},\"query-input\":{\"@type\":\"PropertyValueSpecification\",\"valueRequired\":true,\"valueName\":\"search_term_string\"}}],\"inLanguage\":\"ar\"},{\"@type\":\"Organization\",\"@id\":\"https:\/\/ambulanceamir.com\/#organization\",\"name\":\"Ambulance priv\u00e9e et soins \u00e0 domicile \u00e0 Alger en Alg\u00e9rie 24h\/24\",\"url\":\"https:\/\/ambulanceamir.com\/\",\"logo\":{\"@type\":\"ImageObject\",\"inLanguage\":\"ar\",\"@id\":\"https:\/\/ambulanceamir.com\/#\/schema\/logo\/image\/\",\"url\":\"https:\/\/ambulanceamir.com\/wp-content\/uploads\/2025\/05\/Group-1-2.png\",\"contentUrl\":\"https:\/\/ambulanceamir.com\/wp-content\/uploads\/2025\/05\/Group-1-2.png\",\"width\":387,\"height\":50,\"caption\":\"Ambulance priv\u00e9e et soins \u00e0 domicile \u00e0 Alger en Alg\u00e9rie 24h\/24\"},\"image\":{\"@id\":\"https:\/\/ambulanceamir.com\/#\/schema\/logo\/image\/\"}}]}<\/script>\n<!-- \/ Yoast SEO Premium plugin. -->","yoast_head_json":{"title":"\u0627\u062a\u0635\u0627\u0644 - Ambulance priv\u00e9e et soins \u00e0 domicile \u00e0 Alger en Alg\u00e9rie 24h\/24","robots":{"index":"index","follow":"follow","max-snippet":"max-snippet:-1","max-image-preview":"max-image-preview:large","max-video-preview":"max-video-preview:-1"},"canonical":"https:\/\/ambulanceamir.com\/ar\/\u0627\u062a\u0635\u0627\u0644\/","og_locale":"ar_AR","og_type":"article","og_title":"\u0627\u062a\u0635\u0627\u0644","og_description":"\u0627\u062a\u0635\u0644\u0648\u0627 \u0628\u0646\u0627 \u0644\u0627 \u062a\u062a\u0631\u062f\u062f\u0648\u0627 \u0641\u064a \u0627\u0644\u0627\u062a\u0635\u0627\u0644 \u0628\u0646\u0627 \u0641\u0631\u064a\u0642\u0646\u0627 \u0645\u062a\u0648\u0641\u0631 \u0639\u0644\u0649 \u0645\u062f\u0627\u0631 \u0627\u0644\u0633\u0627\u0639\u0629 \u0648\u0637\u0648\u0627\u0644 \u0623\u064a\u0627\u0645 \u0627\u0644\u0623\u0633\u0628\u0648\u0639 \u0644\u0644\u0627\u0633\u062a\u062c\u0627\u0628\u0629 \u0644\u062d\u0627\u0644\u0627\u062a \u0627\u0644\u0637\u0648\u0627\u0631\u0626 \u0627\u0644\u0637\u0628\u064a\u0629 \u0648\u0627\u062d\u062a\u064a\u0627\u062c\u0627\u062a \u0627\u0644\u0646\u0642\u0644 \u0627\u0644\u062c\u0646\u0627\u0626\u0632\u064a \u0628\u0643\u0644 \u062c\u062f\u064a\u0629\u060c \u0633\u0631\u064a\u0629\u060c \u0648\u062a\u0639\u0627\u0637\u0641. \u0644\u0627 \u062a\u062a\u0631\u062f\u062f\u0648\u0627 \u0641\u064a \u0627\u0644\u0627\u062a\u0635\u0627\u0644 \u0628\u0646\u0627. \u062a\u0641\u0627\u0635\u064a\u0644 \u0627\u0644\u0627\u062a\u0635\u0627\u0644 0550-83-83-80 contact@ambulanceamir.com \u0625\u0631\u0633\u0627\u0644 \u0631\u0633\u0627\u0644\u0629 \u0627\u0643\u062a\u0628\u0648\u0627 \u0644\u0646\u0627 \u0641\u064a \u0623\u064a \u0648\u0642\u062a send a message","og_url":"https:\/\/ambulanceamir.com\/ar\/\u0627\u062a\u0635\u0627\u0644\/","og_site_name":"Ambulance priv\u00e9e et soins \u00e0 domicile \u00e0 Alger en Alg\u00e9rie 24h\/24","article_modified_time":"2025-06-02T09:42:00+00:00","og_image":[{"url":"https:\/\/ambulanceamir.com\/wp-content\/uploads\/2025\/06\/ambulance.jpg","type":"","width":"","height":""}],"twitter_card":"summary_large_image","twitter_misc":{"\u0648\u0642\u062a \u0627\u0644\u0642\u0631\u0627\u0621\u0629 \u0627\u0644\u0645\u064f\u0642\u062f\u0651\u0631":"1 \u062f\u0642\u064a\u0642\u0629"},"schema":{"@context":"https:\/\/schema.org","@graph":[{"@type":"WebPage","@id":"https:\/\/ambulanceamir.com\/ar\/%d8%a7%d8%aa%d8%b5%d8%a7%d9%84\/","url":"https:\/\/ambulanceamir.com\/ar\/%d8%a7%d8%aa%d8%b5%d8%a7%d9%84\/","name":"\u0627\u062a\u0635\u0627\u0644 - Ambulance priv\u00e9e et soins \u00e0 domicile \u00e0 Alger en Alg\u00e9rie 24h\/24","isPartOf":{"@id":"https:\/\/ambulanceamir.com\/#website"},"primaryImageOfPage":{"@id":"https:\/\/ambulanceamir.com\/ar\/%d8%a7%d8%aa%d8%b5%d8%a7%d9%84\/#primaryimage"},"image":{"@id":"https:\/\/ambulanceamir.com\/ar\/%d8%a7%d8%aa%d8%b5%d8%a7%d9%84\/#primaryimage"},"thumbnailUrl":"https:\/\/ambulanceamir.com\/wp-content\/uploads\/2025\/06\/ambulance.jpg","datePublished":"2022-01-29T12:28:58+00:00","dateModified":"2025-06-02T09:42:00+00:00","breadcrumb":{"@id":"https:\/\/ambulanceamir.com\/ar\/%d8%a7%d8%aa%d8%b5%d8%a7%d9%84\/#breadcrumb"},"inLanguage":"ar","potentialAction":[{"@type":"ReadAction","target":["https:\/\/ambulanceamir.com\/ar\/%d8%a7%d8%aa%d8%b5%d8%a7%d9%84\/"]}]},{"@type":"ImageObject","inLanguage":"ar","@id":"https:\/\/ambulanceamir.com\/ar\/%d8%a7%d8%aa%d8%b5%d8%a7%d9%84\/#primaryimage","url":"https:\/\/ambulanceamir.com\/wp-content\/uploads\/2025\/06\/ambulance.jpg","contentUrl":"https:\/\/ambulanceamir.com\/wp-content\/uploads\/2025\/06\/ambulance.jpg"},{"@type":"BreadcrumbList","@id":"https:\/\/ambulanceamir.com\/ar\/%d8%a7%d8%aa%d8%b5%d8%a7%d9%84\/#breadcrumb","itemListElement":[{"@type":"ListItem","position":1,"name":"Accueil","item":"https:\/\/ambulanceamir.com\/ar\/"},{"@type":"ListItem","position":2,"name":"\u0627\u062a\u0635\u0627\u0644"}]},{"@type":"WebSite","@id":"https:\/\/ambulanceamir.com\/#website","url":"https:\/\/ambulanceamir.com\/","name":"Ambulance priv\u00e9e et soins \u00e0 domicile \u00e0 Alger en Alg\u00e9rie 24h\/24","description":"","publisher":{"@id":"https:\/\/ambulanceamir.com\/#organization"},"potentialAction":[{"@type":"SearchAction","target":{"@type":"EntryPoint","urlTemplate":"https:\/\/ambulanceamir.com\/?s={search_term_string}"},"query-input":{"@type":"PropertyValueSpecification","valueRequired":true,"valueName":"search_term_string"}}],"inLanguage":"ar"},{"@type":"Organization","@id":"https:\/\/ambulanceamir.com\/#organization","name":"Ambulance priv\u00e9e et soins \u00e0 domicile \u00e0 Alger en Alg\u00e9rie 24h\/24","url":"https:\/\/ambulanceamir.com\/","logo":{"@type":"ImageObject","inLanguage":"ar","@id":"https:\/\/ambulanceamir.com\/#\/schema\/logo\/image\/","url":"https:\/\/ambulanceamir.com\/wp-content\/uploads\/2025\/05\/Group-1-2.png","contentUrl":"https:\/\/ambulanceamir.com\/wp-content\/uploads\/2025\/05\/Group-1-2.png","width":387,"height":50,"caption":"Ambulance priv\u00e9e et soins \u00e0 domicile \u00e0 Alger en Alg\u00e9rie 24h\/24"},"image":{"@id":"https:\/\/ambulanceamir.com\/#\/schema\/logo\/image\/"}}]}},"_links":{"self":[{"href":"https:\/\/ambulanceamir.com\/ar\/wp-json\/wp\/v2\/pages\/2025","targetHints":{"allow":["GET"]}}],"collection":[{"href":"https:\/\/ambulanceamir.com\/ar\/wp-json\/wp\/v2\/pages"}],"about":[{"href":"https:\/\/ambulanceamir.com\/ar\/wp-json\/wp\/v2\/types\/page"}],"author":[{"embeddable":true,"href":"https:\/\/ambulanceamir.com\/ar\/wp-json\/wp\/v2\/users\/1"}],"replies":[{"embeddable":true,"href":"https:\/\/ambulanceamir.com\/ar\/wp-json\/wp\/v2\/comments?post=2025"}],"version-history":[{"count":4,"href":"https:\/\/ambulanceamir.com\/ar\/wp-json\/wp\/v2\/pages\/2025\/revisions"}],"predecessor-version":[{"id":2029,"href":"https:\/\/ambulanceamir.com\/ar\/wp-json\/wp\/v2\/pages\/2025\/revisions\/2029"}],"wp:attachment":[{"href":"https:\/\/ambulanceamir.com\/ar\/wp-json\/wp\/v2\/media?parent=2025"}],"curies":[{"name":"wp","href":"https:\/\/api.w.org\/{rel}","templated":true}]}}